{"id":387,"date":"2025-12-15T13:13:49","date_gmt":"2025-12-15T12:13:49","guid":{"rendered":"https:\/\/adoracionlinares.es\/?page_id=387"},"modified":"2025-12-16T13:07:03","modified_gmt":"2025-12-16T12:07:03","slug":"contacto","status":"publish","type":"page","link":"https:\/\/adoracionlinares.es\/en\/contacto\/","title":{"rendered":"Contact"},"content":{"rendered":"<div class=\"wp-block-stackable-columns stk-block-columns stk-block stk-c764b0f\" data-block-id=\"c764b0f\"><div class=\"stk-row stk-inner-blocks stk-block-content stk-content-align stk-c764b0f-column\">\n<div class=\"wp-block-stackable-column stk-block-column stk-column stk-block stk-f0ebfb6\" data-v=\"4\" data-block-id=\"f0ebfb6\"><style>.stk-f0ebfb6-container{max-width:60% !important;min-width:auto !important;margin-right:auto !important;margin-left:auto !important;}@media screen and (max-width: 767px){.stk-f0ebfb6-container{max-width:90% !important;min-width:auto !important;}}<\/style><div class=\"stk-column-wrapper stk-block-column__content stk-container stk-f0ebfb6-container stk--no-background stk--no-padding\"><div class=\"stk-block-content stk-inner-blocks stk-f0ebfb6-inner-blocks\">\n<div class=\"wp-block-stackable-heading stk-block-heading stk-block-heading--v2 stk-block stk-2081059\" id=\"agenda-tu-consulta\" data-block-id=\"2081059\"><h2 class=\"stk-block-heading__text\">Schedule your appointment<\/h2><\/div>\n\n\n\n<div class=\"wp-block-stackable-text stk-block-text stk-block stk-3e3c076\" data-block-id=\"3e3c076\"><p class=\"stk-block-text__text\"><strong>If you are looking for medical treatment that is personalized and humane, I would be happy to assist you.<br>Complete the form or request information for your first visit.<\/strong><\/p><\/div>\n\n\n\n<div class=\"forminator-guttenberg\"><div class=\"forminator-ui forminator-custom-form forminator-custom-form-386 forminator-design--material  forminator_ajax\" data-forminator-render=\"0\" data-form=\"forminator-module-386\" data-uid=\"69f0d29eb5c79\"><br\/><\/div><form\n\t\t\t\tid=\"forminator-module-386\"\n\t\t\t\tclass=\"forminator-ui forminator-custom-form forminator-custom-form-386 forminator-design--material  forminator_ajax\"\n\t\t\t\tmethod=\"post\"\n\t\t\t\tdata-forminator-render=\"0\"\n\t\t\t\tdata-form-id=\"386\"\n\t\t\t\t data-color-option=\"theme\" data-design=\"material\" data-grid=\"open\" style=\"display: none;\"\n\t\t\t\tdata-uid=\"69f0d29eb5c79\" action=\"\"\n\t\t\t><div role=\"alert\" aria-live=\"polite\" class=\"forminator-response-message forminator-error\" aria-hidden=\"true\"><\/div><div class=\"forminator-row\"><div id=\"name-1\" class=\"forminator-field-name forminator-col forminator-col-12\"><div class=\"forminator-row forminator-no-margin\" data-multiple=\"true\"><div class=\"forminator-col forminator-col-md-6\"><div class=\"forminator-field\"><label for=\"forminator-field-first-name-1_69f0d29eb5c79\" id=\"forminator-field-first-name-1_69f0d29eb5c79-label\" class=\"forminator-label\">Name <span class=\"forminator-required\">*<\/span><\/label><input type=\"text\" name=\"name-1-first-name\" placeholder=\"\" id=\"forminator-field-first-name-1_69f0d29eb5c79\" class=\"forminator-input\" aria-required=\"true\" data-multi=\"1\" autocomplete=\"given-name\" value=\"\" \/><\/div><\/div><div class=\"forminator-col forminator-col-md-6\"><div class=\"forminator-field\"><label for=\"forminator-field-last-name-1_69f0d29eb5c79\" id=\"forminator-field-last-name-1_69f0d29eb5c79-label\" class=\"forminator-label\">Surnames <span class=\"forminator-required\">*<\/span><\/label><input type=\"text\" name=\"name-1-last-name\" placeholder=\"\" id=\"forminator-field-last-name-1_69f0d29eb5c79\" class=\"forminator-input\" aria-required=\"true\" data-multi=\"1\" autocomplete=\"family-name\" value=\"\" \/><\/div><\/div><\/div><\/div><\/div><div class=\"forminator-row\"><div id=\"email-1\" class=\"forminator-field-email forminator-col forminator-col-6\"><div class=\"forminator-field\"><label for=\"forminator-field-email-1_69f0d29eb5c79\" id=\"forminator-field-email-1_69f0d29eb5c79-label\" class=\"forminator-label\">Email address <span class=\"forminator-required\">*<\/span><\/label><input type=\"email\" name=\"email-1\" value=\"\" placeholder=\"e-mail\" id=\"forminator-field-email-1_69f0d29eb5c79\" class=\"forminator-input forminator-email--field\" data-required=\"true\" aria-required=\"true\" autocomplete=\"email\" \/><\/div><\/div><div id=\"phone-1\" class=\"forminator-field-phone forminator-col forminator-col-6\"><div class=\"forminator-field\"><label for=\"forminator-field-phone-1_69f0d29eb5c79\" id=\"forminator-field-phone-1_69f0d29eb5c79-label\" class=\"forminator-label\">Phone number <span class=\"forminator-required\">*<\/span><\/label><input type=\"text\" name=\"phone-1\" value=\"\" placeholder=\"Phone\" id=\"forminator-field-phone-1_69f0d29eb5c79\" class=\"forminator-input forminator-field--phone\" data-required=\"1\" aria-required=\"true\" autocomplete=\"off\" data-national_mode=\"disabled\" data-country=\"es\" data-validation=\"international\" \/><\/div><\/div><\/div><div class=\"forminator-row\"><div id=\"select-1\" class=\"forminator-field-select forminator-col forminator-col-6\"><div class=\"forminator-field\"><label for=\"forminator-form-386__field--select-1_69f0d29eb5c79\" id=\"forminator-form-386__field--select-1_69f0d29eb5c79-label\" class=\"forminator-label\">Select <span class=\"forminator-required\">*<\/span><\/label><select  id=\"forminator-form-386__field--select-1_69f0d29eb5c79\" class=\"forminator-select--field forminator-select2 forminator-select2-multiple\" data-required=\"1\" name=\"select-1\" data-default-value=\"\" data-hidden-behavior=\"zero\" data-placeholder=\"Motivo de tu consulta\" data-search=\"false\" data-search-placeholder=\"Motivo de tu consulta\" data-checkbox=\"false\" data-allow-clear=\"false\" aria-labelledby=\"forminator-form-386__field--select-1_69f0d29eb5c79-label\"><option value=\"\"  >Reason for your inquiry<\/option><option value=\"Consulta-General\"  data-calculation=\"0\">General Inquiry<\/option><option value=\"Pedir-cita\"  data-calculation=\"0\">Request an appointment<\/option><\/select><\/div><\/div><div id=\"select-2\" class=\"forminator-field-select forminator-col forminator-col-6\"><div class=\"forminator-field\"><label for=\"forminator-form-386__field--select-2_69f0d29eb5c79\" id=\"forminator-form-386__field--select-2_69f0d29eb5c79-label\" class=\"forminator-label\">Type of Inquiry <span class=\"forminator-required\">*<\/span><\/label><select  id=\"forminator-form-386__field--select-2_69f0d29eb5c79\" class=\"forminator-select--field forminator-select2 forminator-select2-multiple\" data-required=\"1\" name=\"select-2\" data-default-value=\"\" data-hidden-behavior=\"zero\" data-placeholder=\"Tipo de Consulta\" data-search=\"false\" data-search-placeholder=\"Tipo de Consulta\" data-checkbox=\"false\" data-allow-clear=\"false\" aria-labelledby=\"forminator-form-386__field--select-2_69f0d29eb5c79-label\"><option value=\"\"  >Type of Inquiry<\/option><option value=\"Presencial\"  data-calculation=\"0\">In person<\/option><option value=\"On-Line\"  data-calculation=\"0\">On-line<\/option><\/select><\/div><\/div><\/div><div class=\"forminator-row\"><div id=\"html-1\" class=\"forminator-field-html forminator-col forminator-col-12\"><div class=\"forminator-field forminator-merge-tags\" data-field=\"html-1\"><p><strong>The selected day and time is indicative; you must confirm it with the center.&nbsp;<\/strong><\/p><\/div><\/div><\/div><div class=\"forminator-row\"><div id=\"date-1\" class=\"forminator-field-date forminator-col forminator-col-6\"><div class=\"forminator-field\"><label for=\"forminator-field-date-1-picker_69f0d29eb5c79\" id=\"forminator-field-date-1-picker_69f0d29eb5c79-label\" class=\"forminator-label\">Date <span class=\"forminator-required\">*<\/span><\/label><div class=\"forminator-input-with-icon\"><span class=\"forminator-icon-calendar\" aria-hidden=\"true\"><\/span><input autocomplete=\"off\" type=\"text\" size=\"1\" name=\"date-1\" value=\"04\/28\/2026\" placeholder=\"Choose a date\" id=\"forminator-field-date-1-picker_69f0d29eb5c79\" class=\"forminator-input forminator-datepicker\" data-required=\"1\" data-format=\"mm\/dd\/yy\" data-restrict-type=\"\" data-restrict=\"\" data-start-year=\"1926\" data-end-year=\"2126\" data-past-dates=\"enable\" data-start-of-week=\"1\" data-start-date=\"\" data-end-date=\"\" data-start-field=\"\" data-end-field=\"\" data-start-offset=\"\" data-end-offset=\"\" data-disable-date=\"\" data-disable-range=\"\" \/><\/div><\/div><\/div><div id=\"time-1\" class=\"forminator-field-time forminator-col forminator-col-6\"><label for=\"forminator-field-time-1\" id=\"forminator-field-time-1-label\" class=\"forminator-label\">Hour <span class=\"forminator-required\">*<\/span><\/label><div class=\"forminator-timepicker\" ><div class=\"forminator-row\" data-multiple=\"true\"><div id=\"time-1-hours\" class=\"forminator-col forminator-col-6\"><div class=\"forminator-field\"><label for=\"forminator-field-386__field--time-1-hours_69f0d29eb5c79\" id=\"forminator-field-386__field--time-1-hours_69f0d29eb5c79-label\" class=\"forminator-label\">Hours<\/label><select name=\"time-1-hours\" id=\"forminator-field-386__field--time-1-hours_69f0d29eb5c79\" class=\"forminator-select2 time-hours has-time-limiter\" data-field=\"hours\" data-placeholder=\"Select\" aria-labelledby=\"forminator-field-386__field--time-1-hours_69f0d29eb5c79-label\" data-default-value=\"\"><option value=\"\" selected=\"selected\">-<\/option><option value=\"10\" >10<\/option><option value=\"11\" >11<\/option><option value=\"12\" >12<\/option><option value=\"13\" >13<\/option><option value=\"14\" >14<\/option><option value=\"15\" >15<\/option><option value=\"16\" >16<\/option><option value=\"17\" >17<\/option><option value=\"18\" >18<\/option><option value=\"19\" >19<\/option><\/select><\/div><\/div><div id=\"time-1-minutes\" class=\"forminator-col forminator-col-6\"><div class=\"forminator-field\"><label for=\"forminator-field-386__field--time-1-minutes_69f0d29eb5c79\" id=\"forminator-field-386__field--time-1-minutes_69f0d29eb5c79-label\" class=\"forminator-label\">Minutes<\/label><select name=\"time-1-minutes\" id=\"forminator-field-386__field--time-1-minutes_69f0d29eb5c79\" class=\"forminator-select2 time-minutes has-time-limiter\" data-field=\"minutes\" data-placeholder=\"Select\" aria-labelledby=\"forminator-field-386__field--time-1-minutes_69f0d29eb5c79-label\" data-default-value=\"\"><option value=\"\" selected=\"selected\">-<\/option><option value=\"0\" >00<\/option><option value=\"1\" >01<\/option><option value=\"2\" >02<\/option><option value=\"3\" >03<\/option><option value=\"4\" >04<\/option><option value=\"5\" >05<\/option><option value=\"6\" >06<\/option><option value=\"7\" >07<\/option><option value=\"8\" >08<\/option><option value=\"9\" >09<\/option><option value=\"10\" >10<\/option><option value=\"11\" >11<\/option><option value=\"12\" >12<\/option><option value=\"13\" >13<\/option><option value=\"14\" >14<\/option><option value=\"15\" >15<\/option><option value=\"16\" >16<\/option><option value=\"17\" >17<\/option><option value=\"18\" >18<\/option><option value=\"19\" >19<\/option><option value=\"20\" >20<\/option><option value=\"21\" >21<\/option><option value=\"22\" >22<\/option><option value=\"23\" >23<\/option><option value=\"24\" >24<\/option><option value=\"25\" >25<\/option><option value=\"26\" >26<\/option><option value=\"27\" >27<\/option><option value=\"28\" >28<\/option><option value=\"29\" >29<\/option><option value=\"30\" >30<\/option><option value=\"31\" >31<\/option><option value=\"32\" >32<\/option><option value=\"33\" >33<\/option><option value=\"34\" >34<\/option><option value=\"35\" >35<\/option><option value=\"36\" >36<\/option><option value=\"37\" >37<\/option><option value=\"38\" >38<\/option><option value=\"39\" >39<\/option><option value=\"40\" >40<\/option><option value=\"41\" >41<\/option><option value=\"42\" >42<\/option><option value=\"43\" >43<\/option><option value=\"44\" >44<\/option><option value=\"45\" >45<\/option><option value=\"46\" >46<\/option><option value=\"47\" >47<\/option><option value=\"48\" >48<\/option><option value=\"49\" >49<\/option><option value=\"50\" >50<\/option><option value=\"51\" >51<\/option><option value=\"52\" >52<\/option><option value=\"53\" >53<\/option><option value=\"54\" >54<\/option><option value=\"55\" >55<\/option><option value=\"56\" >56<\/option><option value=\"57\" >57<\/option><option value=\"58\" >58<\/option><option value=\"59\" >59<\/option><\/select><\/div><\/div><\/div><\/div><\/div><\/div><div class=\"forminator-row\"><div id=\"textarea-1\" class=\"forminator-field-textarea forminator-col forminator-col-12\"><div class=\"forminator-field\"><label for=\"forminator-field-textarea-1_69f0d29eb5c79\" id=\"forminator-field-textarea-1_69f0d29eb5c79-label\" class=\"forminator-label\">Message <span class=\"forminator-required\">*<\/span><\/label><span id=\"forminator-field-textarea-1_69f0d29eb5c79-description\" class=\"forminator-description\"><span data-limit=\"180\" data-type=\"characters\" data-editor=\"\">0 \/ 180<\/span><\/span><textarea name=\"textarea-1\" placeholder=\"Tell us how we can help you.\" id=\"forminator-field-textarea-1_69f0d29eb5c79\" class=\"forminator-textarea\" rows=\"6\" style=\"min-height:140px;\" maxlength=\"180\" ><\/textarea><\/div><\/div><\/div><input type=\"hidden\" name=\"referer_url\" value=\"\" \/><div class=\"forminator-row forminator-row-last\"><div class=\"forminator-col\"><div class=\"forminator-field\"><button class=\"forminator-button forminator-button-submit\"><span>Send<\/span><span aria-hidden=\"true\"><\/span><\/button><\/div><\/div><\/div><input type=\"hidden\" id=\"forminator_nonce\" name=\"forminator_nonce\" value=\"2fac48c51f\" \/><input type=\"hidden\" name=\"_wp_http_referer\" value=\"\/en\/wp-json\/wp\/v2\/pages\/387\" \/><input type=\"hidden\" name=\"form_id\" value=\"386\"><input type=\"hidden\" name=\"page_id\" value=\"387\"><input type=\"hidden\" name=\"form_type\" value=\"default\"><input type=\"hidden\" name=\"current_url\" value=\"https:\/\/adoracionlinares.es\/en\/contacto\/\"><input type=\"hidden\" name=\"render_id\" value=\"0\"><input type=\"hidden\" name=\"action\" value=\"forminator_submit_form_custom-forms\"><label for=\"input_9\" class=\"forminator-hidden\" aria-hidden=\"true\">Please do not fill in this field. <input id=\"input_9\" type=\"text\" name=\"input_9\" value=\"\" autocomplete=\"off\"><\/label><input type=\"hidden\" name=\"trp-form-language\" value=\"en\"\/><\/form><\/div>\n<\/div><\/div><\/div>\n<\/div><\/div>","protected":false},"excerpt":{"rendered":"<p>Agenda tu consulta Si buscas un tratamiento m\u00e9dico, personalizado y humano, estar\u00e9 encantada de acompa\u00f1arte.Completa [&hellip;]<\/p>\n","protected":false},"author":1,"featured_media":0,"parent":0,"menu_order":0,"comment_status":"closed","ping_status":"closed","template":"","meta":{"site-sidebar-layout":"default","site-content-layout":"","ast-site-content-layout":"default","site-content-style":"default","site-sidebar-style":"default","ast-global-header-display":"","ast-banner-title-visibility":"","ast-main-header-display":"","ast-hfb-above-header-display":"","ast-hfb-below-header-display":"","ast-hfb-mobile-header-display":"","site-post-title":"disabled","ast-breadcrumbs-content":"","ast-featured-img":"","footer-sml-layout":"","ast-disable-related-posts":"","theme-transparent-header-meta":"disabled","adv-header-id-meta":"","stick-header-meta":"","header-above-stick-meta":"","header-main-stick-meta":"","header-below-stick-meta":"","astra-migrate-meta-layouts":"default","ast-page-background-enabled":"default","ast-page-background-meta":{"desktop":{"background-color":"var(--ast-global-color-5)","background-image":"","background-repeat":"repeat","background-position":"center center","background-size":"auto","background-attachment":"scroll","background-type":"","background-media":"","overlay-type":"","overlay-color":"","overlay-opacity":"","overlay-gradient":""},"tablet":{"background-color":"","background-image":"","background-repeat":"repeat","background-position":"center center","background-size":"auto","background-attachment":"scroll","background-type":"","background-media":"","overlay-type":"","overlay-color":"","overlay-opacity":"","overlay-gradient":""},"mobile":{"background-color":"","background-image":"","background-repeat":"repeat","background-position":"center center","background-size":"auto","background-attachment":"scroll","background-type":"","background-media":"","overlay-type":"","overlay-color":"","overlay-opacity":"","overlay-gradient":""}},"ast-content-background-meta":{"desktop":{"background-color":"var(--ast-global-color-4)","background-image":"","background-repeat":"repeat","background-position":"center center","background-size":"auto","background-attachment":"scroll","background-type":"","background-media":"","overlay-type":"","overlay-color":"","overlay-opacity":"","overlay-gradient":""},"tablet":{"background-color":"var(--ast-global-color-4)","background-image":"","background-repeat":"repeat","background-position":"center center","background-size":"auto","background-attachment":"scroll","background-type":"","background-media":"","overlay-type":"","overlay-color":"","overlay-opacity":"","overlay-gradient":""},"mobile":{"background-color":"var(--ast-global-color-4)","background-image":"","background-repeat":"repeat","background-position":"center center","background-size":"auto","background-attachment":"scroll","background-type":"","background-media":"","overlay-type":"","overlay-color":"","overlay-opacity":"","overlay-gradient":""}},"footnotes":""},"class_list":["post-387","page","type-page","status-publish","hentry"],"yoast_head":"<!-- This site is optimized with the Yoast SEO Premium plugin v26.6 (Yoast SEO v27.5) - https:\/\/yoast.com\/product\/yoast-seo-premium-wordpress\/ -->\n<title>Contacto | Adoraci\u00f3n Linares<\/title>\n<meta name=\"robots\" content=\"index, follow, max-snippet:-1, max-image-preview:large, max-video-preview:-1\" \/>\n<link rel=\"canonical\" href=\"https:\/\/adoracionlinares.es\/en\/contacto\/\" \/>\n<meta property=\"og:locale\" content=\"en_US\" \/>\n<meta property=\"og:type\" content=\"article\" \/>\n<meta property=\"og:title\" content=\"Contacto\" \/>\n<meta property=\"og:description\" content=\"Agenda tu consulta Si buscas un tratamiento m\u00e9dico, personalizado y humano, estar\u00e9 encantada de acompa\u00f1arte.Completa [&hellip;]\" \/>\n<meta property=\"og:url\" content=\"https:\/\/adoracionlinares.es\/en\/contacto\/\" \/>\n<meta property=\"og:site_name\" content=\"Adoraci\u00f3n Linares\" \/>\n<meta property=\"article:modified_time\" content=\"2025-12-16T12:07:03+00:00\" \/>\n<meta property=\"og:image\" content=\"https:\/\/adoracionlinares.es\/wp-content\/uploads\/2025\/12\/Recurso-14-e1766484689920.webp\" \/>\n\t<meta property=\"og:image:width\" content=\"191\" \/>\n\t<meta property=\"og:image:height\" content=\"191\" \/>\n\t<meta property=\"og:image:type\" content=\"image\/webp\" \/>\n<meta name=\"twitter:card\" content=\"summary_large_image\" \/>\n<meta name=\"twitter:label1\" content=\"Est. reading time\" \/>\n\t<meta name=\"twitter:data1\" content=\"1 minute\" \/>\n<script type=\"application\/ld+json\" class=\"yoast-schema-graph\">{\"@context\":\"https:\\\/\\\/schema.org\",\"@graph\":[{\"@type\":\"WebPage\",\"@id\":\"https:\\\/\\\/adoracionlinares.es\\\/contacto\\\/\",\"url\":\"https:\\\/\\\/adoracionlinares.es\\\/contacto\\\/\",\"name\":\"Contacto | Adoraci\u00f3n Linares\",\"isPartOf\":{\"@id\":\"https:\\\/\\\/adoracionlinares.es\\\/#website\"},\"datePublished\":\"2025-12-15T12:13:49+00:00\",\"dateModified\":\"2025-12-16T12:07:03+00:00\",\"breadcrumb\":{\"@id\":\"https:\\\/\\\/adoracionlinares.es\\\/contacto\\\/#breadcrumb\"},\"inLanguage\":\"en-US\",\"potentialAction\":[{\"@type\":\"ReadAction\",\"target\":[\"https:\\\/\\\/adoracionlinares.es\\\/contacto\\\/\"]}]},{\"@type\":\"BreadcrumbList\",\"@id\":\"https:\\\/\\\/adoracionlinares.es\\\/contacto\\\/#breadcrumb\",\"itemListElement\":[{\"@type\":\"ListItem\",\"position\":1,\"name\":\"Portada\",\"item\":\"https:\\\/\\\/adoracionlinares.es\\\/\"},{\"@type\":\"ListItem\",\"position\":2,\"name\":\"Contacto\"}]},{\"@type\":\"WebSite\",\"@id\":\"https:\\\/\\\/adoracionlinares.es\\\/#website\",\"url\":\"https:\\\/\\\/adoracionlinares.es\\\/\",\"name\":\"Adoraci\u00f3n Linares\",\"description\":\"Medico - Nutricionista\",\"publisher\":{\"@id\":\"https:\\\/\\\/adoracionlinares.es\\\/#organization\"},\"alternateName\":\"Adoraci\u00f3n Linares\",\"potentialAction\":[{\"@type\":\"SearchAction\",\"target\":{\"@type\":\"EntryPoint\",\"urlTemplate\":\"https:\\\/\\\/adoracionlinares.es\\\/?s={search_term_string}\"},\"query-input\":{\"@type\":\"PropertyValueSpecification\",\"valueRequired\":true,\"valueName\":\"search_term_string\"}}],\"inLanguage\":\"en-US\"},{\"@type\":\"Organization\",\"@id\":\"https:\\\/\\\/adoracionlinares.es\\\/#organization\",\"name\":\"Adoraci\u00f3n Linares\",\"alternateName\":\"Adoraci\u00f3n Linares\",\"url\":\"https:\\\/\\\/adoracionlinares.es\\\/\",\"logo\":{\"@type\":\"ImageObject\",\"inLanguage\":\"en-US\",\"@id\":\"https:\\\/\\\/adoracionlinares.es\\\/#\\\/schema\\\/logo\\\/image\\\/\",\"url\":\"https:\\\/\\\/adoracionlinares.es\\\/wp-content\\\/uploads\\\/2025\\\/12\\\/logo-200-e1766483250893.webp\",\"contentUrl\":\"https:\\\/\\\/adoracionlinares.es\\\/wp-content\\\/uploads\\\/2025\\\/12\\\/logo-200-e1766483250893.webp\",\"width\":96,\"height\":112,\"caption\":\"Adoraci\u00f3n Linares\"},\"image\":{\"@id\":\"https:\\\/\\\/adoracionlinares.es\\\/#\\\/schema\\\/logo\\\/image\\\/\"}}]}<\/script>\n<!-- \/ Yoast SEO Premium plugin. -->","yoast_head_json":{"title":"Contacto | Adoraci\u00f3n Linares","robots":{"index":"index","follow":"follow","max-snippet":"max-snippet:-1","max-image-preview":"max-image-preview:large","max-video-preview":"max-video-preview:-1"},"canonical":"https:\/\/adoracionlinares.es\/en\/contacto\/","og_locale":"en_US","og_type":"article","og_title":"Contacto","og_description":"Agenda tu consulta Si buscas un tratamiento m\u00e9dico, personalizado y humano, estar\u00e9 encantada de acompa\u00f1arte.Completa [&hellip;]","og_url":"https:\/\/adoracionlinares.es\/en\/contacto\/","og_site_name":"Adoraci\u00f3n Linares","article_modified_time":"2025-12-16T12:07:03+00:00","og_image":[{"width":191,"height":191,"url":"https:\/\/adoracionlinares.es\/wp-content\/uploads\/2025\/12\/Recurso-14-e1766484689920.webp","type":"image\/webp"}],"twitter_card":"summary_large_image","twitter_misc":{"Est. reading time":"1 minute"},"schema":{"@context":"https:\/\/schema.org","@graph":[{"@type":"WebPage","@id":"https:\/\/adoracionlinares.es\/contacto\/","url":"https:\/\/adoracionlinares.es\/contacto\/","name":"Contacto | Adoraci\u00f3n Linares","isPartOf":{"@id":"https:\/\/adoracionlinares.es\/#website"},"datePublished":"2025-12-15T12:13:49+00:00","dateModified":"2025-12-16T12:07:03+00:00","breadcrumb":{"@id":"https:\/\/adoracionlinares.es\/contacto\/#breadcrumb"},"inLanguage":"en-US","potentialAction":[{"@type":"ReadAction","target":["https:\/\/adoracionlinares.es\/contacto\/"]}]},{"@type":"BreadcrumbList","@id":"https:\/\/adoracionlinares.es\/contacto\/#breadcrumb","itemListElement":[{"@type":"ListItem","position":1,"name":"Portada","item":"https:\/\/adoracionlinares.es\/"},{"@type":"ListItem","position":2,"name":"Contacto"}]},{"@type":"WebSite","@id":"https:\/\/adoracionlinares.es\/#website","url":"https:\/\/adoracionlinares.es\/","name":"Adoration Linares","description":"Doctor - Nutritionist","publisher":{"@id":"https:\/\/adoracionlinares.es\/#organization"},"alternateName":"Adoraci\u00f3n Linares","potentialAction":[{"@type":"SearchAction","target":{"@type":"EntryPoint","urlTemplate":"https:\/\/adoracionlinares.es\/?s={search_term_string}"},"query-input":{"@type":"PropertyValueSpecification","valueRequired":true,"valueName":"search_term_string"}}],"inLanguage":"en-US"},{"@type":"Organization","@id":"https:\/\/adoracionlinares.es\/#organization","name":"Adoration Linares","alternateName":"Adoraci\u00f3n Linares","url":"https:\/\/adoracionlinares.es\/","logo":{"@type":"ImageObject","inLanguage":"en-US","@id":"https:\/\/adoracionlinares.es\/#\/schema\/logo\/image\/","url":"https:\/\/adoracionlinares.es\/wp-content\/uploads\/2025\/12\/logo-200-e1766483250893.webp","contentUrl":"https:\/\/adoracionlinares.es\/wp-content\/uploads\/2025\/12\/logo-200-e1766483250893.webp","width":96,"height":112,"caption":"Adoraci\u00f3n Linares"},"image":{"@id":"https:\/\/adoracionlinares.es\/#\/schema\/logo\/image\/"}}]}},"_links":{"self":[{"href":"https:\/\/adoracionlinares.es\/en\/wp-json\/wp\/v2\/pages\/387","targetHints":{"allow":["GET"]}}],"collection":[{"href":"https:\/\/adoracionlinares.es\/en\/wp-json\/wp\/v2\/pages"}],"about":[{"href":"https:\/\/adoracionlinares.es\/en\/wp-json\/wp\/v2\/types\/page"}],"author":[{"embeddable":true,"href":"https:\/\/adoracionlinares.es\/en\/wp-json\/wp\/v2\/users\/1"}],"replies":[{"embeddable":true,"href":"https:\/\/adoracionlinares.es\/en\/wp-json\/wp\/v2\/comments?post=387"}],"version-history":[{"count":0,"href":"https:\/\/adoracionlinares.es\/en\/wp-json\/wp\/v2\/pages\/387\/revisions"}],"wp:attachment":[{"href":"https:\/\/adoracionlinares.es\/en\/wp-json\/wp\/v2\/media?parent=387"}],"curies":[{"name":"wp","href":"https:\/\/api.w.org\/{rel}","templated":true}]}}