{"id":586,"date":"2025-12-17T10:24:00","date_gmt":"2025-12-17T09:24:00","guid":{"rendered":"https:\/\/adoracionlinares.es\/?page_id=586"},"modified":"2025-12-17T10:28:59","modified_gmt":"2025-12-17T09:28:59","slug":"preguntas-frecuentes","status":"publish","type":"page","link":"https:\/\/adoracionlinares.es\/en\/preguntas-frecuentes\/","title":{"rendered":"Frequently Asked Questions"},"content":{"rendered":"<div class=\"wp-block-stackable-columns stk-block-columns stk-block stk-6197551\" data-block-id=\"6197551\"><style>.stk-6197551 {margin-bottom:50px !important;}<\/style><div class=\"stk-row stk-inner-blocks stk-block-content stk-content-align stk-6197551-column\">\n<div class=\"wp-block-stackable-column stk-block-column stk-column stk-block stk-485ccb8\" data-v=\"4\" data-block-id=\"485ccb8\"><style>.stk-485ccb8 {max-width:60% !important;min-width:auto !important;margin-right:auto !important;margin-left:auto !important;}<\/style><div class=\"stk-column-wrapper stk-block-column__content stk-container stk-485ccb8-container stk--no-background stk--no-padding\"><div class=\"stk-block-content stk-inner-blocks stk-485ccb8-inner-blocks\">\n<div class=\"wp-block-stackable-heading stk-block-heading stk-block-heading--v2 stk-block stk-c4df22a\" id=\"preguntas-frecuentes\" data-block-id=\"c4df22a\"><h2 class=\"stk-block-heading__text\">Frequently Asked Questions<\/h2><\/div>\n\n\n\n<details class=\"wp-block-stackable-accordion stk-block-accordion stk-inner-blocks stk-block-content stk--single-open stk-block stk-eb4b893 is-style-plain\" data-block-id=\"eb4b893\"><style>.stk-eb4b893 {border-style:solid !important;border-color:#dfdad1 !important;border-top-width:0px !important;border-right-width:0px !important;border-bottom-width:1px !important;border-left-width:0px !important;padding-bottom:24px !important;}<\/style>\n<summary class=\"wp-block-stackable-column stk-block-column stk-column stk-block stk-84027de stk--container-small stk-block-accordion__heading\" data-v=\"4\" data-block-id=\"84027de\"><div class=\"stk-column-wrapper stk-block-column__content stk-container stk-84027de-container stk--no-background stk--no-padding\"><div class=\"stk-block-content stk-inner-blocks stk-84027de-inner-blocks\">\n<div class=\"wp-block-stackable-icon-label stk-block-icon-label stk-block stk-7d03d8f\" data-block-id=\"7d03d8f\"><div class=\"stk-row stk-inner-blocks stk-block-content\">\n<div class=\"wp-block-stackable-heading stk-block-heading stk-block-heading--v2 stk-block stk-5452f2d\" id=\"strong-por-que-un-medico-nutricionista-strong\" data-block-id=\"5452f2d\"><h4 class=\"stk-block-heading__text\"><strong>Why a nutritionist doctor?<\/strong><\/h4><\/div>\n\n\n\n<div class=\"wp-block-stackable-icon stk-block-icon stk-block stk-83e40da\" data-block-id=\"83e40da\"><span class=\"stk--svg-wrapper\"><div class=\"stk--inner-svg\"><svg style=\"height:0;width:0\"><defs><lineargradient id=\"linear-gradient-83e40da\" x1=\"0\" x2=\"100%\" y1=\"0\" y2=\"0\"><stop offset=\"0%\" style=\"stop-opacity:1;stop-color:var(--linear-gradient-83-e-40-da-color-1)\"><\/stop><stop offset=\"100%\" style=\"stop-opacity:1;stop-color:var(--linear-gradient-83-e-40-da-color-2)\"><\/stop><\/lineargradient><\/defs><\/svg><svg data-prefix=\"fas\" data-icon=\"chevron-down\" class=\"svg-inline--fa fa-chevron-down fa-w-14\" xmlns=\"http:\/\/www.w3.org\/2000\/svg\" viewbox=\"0 0 448 512\" aria-hidden=\"true\" width=\"32\" height=\"32\"><path fill=\"currentColor\" d=\"M207.029 381.476L12.686 187.132c-9.373-9.373-9.373-24.569 0-33.941l22.667-22.667c9.357-9.357 24.522-9.375 33.901-.04L224 284.505l154.745-154.021c9.379-9.335 24.544-9.317 33.901.04l22.667 22.667c9.373 9.373 9.373 24.569 0 33.941L240.971 381.476c-9.373 9.372-24.569 9.372-33.942 0z\"><\/path><\/svg><\/div><\/span><\/div>\n<\/div><\/div>\n<\/div><\/div><\/summary>\n\n\n\n<div class=\"wp-block-stackable-column stk-block-column stk-column stk-block stk-c0d22e3 stk-block-accordion__content\" data-v=\"4\" data-block-id=\"c0d22e3\"><style>.stk-c0d22e3-container{padding-top:0px !important;padding-right:0px !important;padding-bottom:0px !important;padding-left:0px !important;}<\/style><div class=\"stk-column-wrapper stk-block-column__content stk-container stk-c0d22e3-container stk--no-background stk--no-padding\"><div class=\"stk-block-content stk-inner-blocks stk-c0d22e3-inner-blocks\">\n<div class=\"wp-block-stackable-text stk-block-text stk-block stk-58fad34\" data-block-id=\"58fad34\"><p class=\"stk-block-text__text\">Because it combines clinical vision with specialization in nutrition, allowing symptoms, pathologies and metabolic processes to be addressed from a comprehensive approach.<\/p><\/div>\n<\/div><\/div><\/div>\n<\/details>\n\n\n\n<details class=\"wp-block-stackable-accordion stk-block-accordion stk-inner-blocks stk-block-content stk--single-open stk-block stk-ae576be is-style-plain\" data-block-id=\"ae576be\"><style>.stk-ae576be {border-style:solid !important;border-color:#dfdad1 !important;border-top-width:0px !important;border-right-width:0px !important;border-bottom-width:1px !important;border-left-width:0px !important;padding-bottom:24px !important;}<\/style>\n<summary class=\"wp-block-stackable-column stk-block-column stk-column stk-block stk-ec9bb14 stk--container-small stk-block-accordion__heading\" data-v=\"4\" data-block-id=\"ec9bb14\"><div class=\"stk-column-wrapper stk-block-column__content stk-container stk-ec9bb14-container stk--no-background stk--no-padding\"><div class=\"stk-block-content stk-inner-blocks stk-ec9bb14-inner-blocks\">\n<div class=\"wp-block-stackable-icon-label stk-block-icon-label stk-block stk-4bc734d\" data-block-id=\"4bc734d\"><div class=\"stk-row stk-inner-blocks stk-block-content\">\n<div class=\"wp-block-stackable-heading stk-block-heading stk-block-heading--v2 stk-block stk-5618d9d\" id=\"strong-strong-como-es-la-primera-consulta-strong-strong\" data-block-id=\"5618d9d\"><h4 class=\"stk-block-heading__text\"><strong><strong>What is the first consultation like?<\/strong><\/strong><\/h4><\/div>\n\n\n\n<div class=\"wp-block-stackable-icon stk-block-icon stk-block stk-63dc635\" data-block-id=\"63dc635\"><span class=\"stk--svg-wrapper\"><div class=\"stk--inner-svg\"><svg style=\"height:0;width:0\"><defs><lineargradient id=\"linear-gradient-63dc635\" x1=\"0\" x2=\"100%\" y1=\"0\" y2=\"0\"><stop offset=\"0%\" style=\"stop-opacity:1;stop-color:var(--linear-gradient-63-dc-635-color-1)\"><\/stop><stop offset=\"100%\" style=\"stop-opacity:1;stop-color:var(--linear-gradient-63-dc-635-color-2)\"><\/stop><\/lineargradient><\/defs><\/svg><svg data-prefix=\"fas\" data-icon=\"chevron-down\" class=\"svg-inline--fa fa-chevron-down fa-w-14\" xmlns=\"http:\/\/www.w3.org\/2000\/svg\" viewbox=\"0 0 448 512\" aria-hidden=\"true\" width=\"32\" height=\"32\"><path fill=\"currentColor\" d=\"M207.029 381.476L12.686 187.132c-9.373-9.373-9.373-24.569 0-33.941l22.667-22.667c9.357-9.357 24.522-9.375 33.901-.04L224 284.505l154.745-154.021c9.379-9.335 24.544-9.317 33.901.04l22.667 22.667c9.373 9.373 9.373 24.569 0 33.941L240.971 381.476c-9.373 9.372-24.569 9.372-33.942 0z\"><\/path><\/svg><\/div><\/span><\/div>\n<\/div><\/div>\n<\/div><\/div><\/summary>\n\n\n\n<div class=\"wp-block-stackable-column stk-block-column stk-column stk-block stk-03f8157 stk-block-accordion__content\" data-v=\"4\" data-block-id=\"03f8157\"><style>.stk-03f8157-container{padding-top:0px !important;padding-right:0px !important;padding-bottom:0px !important;padding-left:0px !important;}<\/style><div class=\"stk-column-wrapper stk-block-column__content stk-container stk-03f8157-container stk--no-background stk--no-padding\"><div class=\"stk-block-content stk-inner-blocks stk-03f8157-inner-blocks\">\n<div class=\"wp-block-stackable-text stk-block-text stk-block stk-fe6a05d\" data-block-id=\"fe6a05d\"><p class=\"stk-block-text__text\">It is a detailed medical evaluation that allows me to get to know you in depth and design a fully personalized treatment.<\/p><\/div>\n<\/div><\/div><\/div>\n<\/details>\n\n\n\n<details class=\"wp-block-stackable-accordion stk-block-accordion stk-inner-blocks stk-block-content stk--single-open stk-block stk-7d3fa7f is-style-plain\" data-block-id=\"7d3fa7f\"><style>.stk-7d3fa7f {border-style:solid !important;border-color:#dfdad1 !important;border-top-width:0px !important;border-right-width:0px !important;border-bottom-width:1px !important;border-left-width:0px !important;padding-bottom:24px !important;}<\/style>\n<summary class=\"wp-block-stackable-column stk-block-column stk-column stk-block stk-38bdc55 stk--container-small stk-block-accordion__heading\" data-v=\"4\" data-block-id=\"38bdc55\"><div class=\"stk-column-wrapper stk-block-column__content stk-container stk-38bdc55-container stk--no-background stk--no-padding\"><div class=\"stk-block-content stk-inner-blocks stk-38bdc55-inner-blocks\">\n<div class=\"wp-block-stackable-icon-label stk-block-icon-label stk-block stk-12125c6\" data-block-id=\"12125c6\"><div class=\"stk-row stk-inner-blocks stk-block-content\">\n<div class=\"wp-block-stackable-heading stk-block-heading stk-block-heading--v2 stk-block stk-151c608\" id=\"strong-strong-strong-que-tecnicas-utilizas-strong-strong-strong\" data-block-id=\"151c608\"><h4 class=\"stk-block-heading__text\"><strong><strong><strong>What techniques do you use?<\/strong><\/strong><\/strong><\/h4><\/div>\n\n\n\n<div class=\"wp-block-stackable-icon stk-block-icon stk-block stk-e9693c0\" data-block-id=\"e9693c0\"><span class=\"stk--svg-wrapper\"><div class=\"stk--inner-svg\"><svg style=\"height:0;width:0\"><defs><lineargradient id=\"linear-gradient-e9693c0\" x1=\"0\" x2=\"100%\" y1=\"0\" y2=\"0\"><stop offset=\"0%\" style=\"stop-opacity:1;stop-color:var(--linear-gradient-e-9693-c-0-color-1)\"><\/stop><stop offset=\"100%\" style=\"stop-opacity:1;stop-color:var(--linear-gradient-e-9693-c-0-color-2)\"><\/stop><\/lineargradient><\/defs><\/svg><svg data-prefix=\"fas\" data-icon=\"chevron-down\" class=\"svg-inline--fa fa-chevron-down fa-w-14\" xmlns=\"http:\/\/www.w3.org\/2000\/svg\" viewbox=\"0 0 448 512\" aria-hidden=\"true\" width=\"32\" height=\"32\"><path fill=\"currentColor\" d=\"M207.029 381.476L12.686 187.132c-9.373-9.373-9.373-24.569 0-33.941l22.667-22.667c9.357-9.357 24.522-9.375 33.901-.04L224 284.505l154.745-154.021c9.379-9.335 24.544-9.317 33.901.04l22.667 22.667c9.373 9.373 9.373 24.569 0 33.941L240.971 381.476c-9.373 9.372-24.569 9.372-33.942 0z\"><\/path><\/svg><\/div><\/span><\/div>\n<\/div><\/div>\n<\/div><\/div><\/summary>\n\n\n\n<div class=\"wp-block-stackable-column stk-block-column stk-column stk-block stk-9fa2b48 stk-block-accordion__content\" data-v=\"4\" data-block-id=\"9fa2b48\"><style>.stk-9fa2b48-container{padding-top:0px !important;padding-right:0px !important;padding-bottom:0px !important;padding-left:0px !important;}<\/style><div class=\"stk-column-wrapper stk-block-column__content stk-container stk-9fa2b48-container stk--no-background stk--no-padding\"><div class=\"stk-block-content stk-inner-blocks stk-9fa2b48-inner-blocks\">\n<div class=\"wp-block-stackable-text stk-block-text stk-block stk-aea0fc0\" data-block-id=\"aea0fc0\"><p class=\"stk-block-text__text\">Clinical nutrition, acupuncture, psychoneuroimmunology, psychonutrition and electrostimulation of the T6 dermatome, among other complementary tools.<\/p><\/div>\n<\/div><\/div><\/div>\n<\/details>\n\n\n\n<details class=\"wp-block-stackable-accordion stk-block-accordion stk-inner-blocks stk-block-content stk--single-open stk-block stk-2bdae8e is-style-plain\" data-block-id=\"2bdae8e\"><style>.stk-2bdae8e {border-style:solid !important;border-color:#dfdad1 !important;border-top-width:0px !important;border-right-width:0px !important;border-bottom-width:1px !important;border-left-width:0px !important;padding-bottom:24px !important;}<\/style>\n<summary class=\"wp-block-stackable-column stk-block-column stk-column stk-block stk-6dcbf5c stk--container-small stk-block-accordion__heading\" data-v=\"4\" data-block-id=\"6dcbf5c\"><div class=\"stk-column-wrapper stk-block-column__content stk-container stk-6dcbf5c-container stk--no-background stk--no-padding\"><div class=\"stk-block-content stk-inner-blocks stk-6dcbf5c-inner-blocks\">\n<div class=\"wp-block-stackable-icon-label stk-block-icon-label stk-block stk-7e517f3\" data-block-id=\"7e517f3\"><div class=\"stk-row stk-inner-blocks stk-block-content\">\n<div class=\"wp-block-stackable-heading stk-block-heading stk-block-heading--v2 stk-block stk-99d0ed3\" id=\"strong-strong-strong-strong-son-seguras-y-compatibles-strong-strong-strong-strong\" data-block-id=\"99d0ed3\"><h4 class=\"stk-block-heading__text\"><strong><strong><strong><strong>Are they safe and compatible?<\/strong><\/strong><\/strong><\/strong><\/h4><\/div>\n\n\n\n<div class=\"wp-block-stackable-icon stk-block-icon stk-block stk-c4097b3\" data-block-id=\"c4097b3\"><span class=\"stk--svg-wrapper\"><div class=\"stk--inner-svg\"><svg style=\"height:0;width:0\"><defs><lineargradient id=\"linear-gradient-c4097b3\" x1=\"0\" x2=\"100%\" y1=\"0\" y2=\"0\"><stop offset=\"0%\" style=\"stop-opacity:1;stop-color:var(--linear-gradient-c-4097-b-3-color-1)\"><\/stop><stop offset=\"100%\" style=\"stop-opacity:1;stop-color:var(--linear-gradient-c-4097-b-3-color-2)\"><\/stop><\/lineargradient><\/defs><\/svg><svg data-prefix=\"fas\" data-icon=\"chevron-down\" class=\"svg-inline--fa fa-chevron-down fa-w-14\" xmlns=\"http:\/\/www.w3.org\/2000\/svg\" viewbox=\"0 0 448 512\" aria-hidden=\"true\" width=\"32\" height=\"32\"><path fill=\"currentColor\" d=\"M207.029 381.476L12.686 187.132c-9.373-9.373-9.373-24.569 0-33.941l22.667-22.667c9.357-9.357 24.522-9.375 33.901-.04L224 284.505l154.745-154.021c9.379-9.335 24.544-9.317 33.901.04l22.667 22.667c9.373 9.373 9.373 24.569 0 33.941L240.971 381.476c-9.373 9.372-24.569 9.372-33.942 0z\"><\/path><\/svg><\/div><\/span><\/div>\n<\/div><\/div>\n<\/div><\/div><\/summary>\n\n\n\n<div class=\"wp-block-stackable-column stk-block-column stk-column stk-block stk-3f5f21f stk-block-accordion__content\" data-v=\"4\" data-block-id=\"3f5f21f\"><style>.stk-3f5f21f-container{padding-top:0px !important;padding-right:0px !important;padding-bottom:0px !important;padding-left:0px !important;}<\/style><div class=\"stk-column-wrapper stk-block-column__content stk-container stk-3f5f21f-container stk--no-background stk--no-padding\"><div class=\"stk-block-content stk-inner-blocks stk-3f5f21f-inner-blocks\">\n<div class=\"wp-block-stackable-text stk-block-text stk-block stk-24537e7\" data-block-id=\"24537e7\"><p class=\"stk-block-text__text\">Yes. All techniques are selected according to your medical condition and your actual needs.<\/p><\/div>\n<\/div><\/div><\/div>\n<\/details>\n<\/div><\/div><\/div>\n<\/div><\/div>","protected":false},"excerpt":{"rendered":"<p>Preguntas Frecuentes \u00bfPor qu\u00e9 un m\u00e9dico nutricionista? Porque combina la visi\u00f3n cl\u00ednica con la especializaci\u00f3n [&hellip;]<\/p>\n","protected":false},"author":1,"featured_media":0,"parent":0,"menu_order":0,"comment_status":"closed","ping_status":"closed","template":"","meta":{"site-sidebar-layout":"default","site-content-layout":"","ast-site-content-layout":"default","site-content-style":"default","site-sidebar-style":"default","ast-global-header-display":"","ast-banner-title-visibility":"","ast-main-header-display":"","ast-hfb-above-header-display":"","ast-hfb-below-header-display":"","ast-hfb-mobile-header-display":"","site-post-title":"disabled","ast-breadcrumbs-content":"","ast-featured-img":"","footer-sml-layout":"","ast-disable-related-posts":"","theme-transparent-header-meta":"disabled","adv-header-id-meta":"","stick-header-meta":"","header-above-stick-meta":"","header-main-stick-meta":"","header-below-stick-meta":"","astra-migrate-meta-layouts":"default","ast-page-background-enabled":"default","ast-page-background-meta":{"desktop":{"background-color":"var(--ast-global-color-5)","background-image":"","background-repeat":"repeat","background-position":"center center","background-size":"auto","background-attachment":"scroll","background-type":"","background-media":"","overlay-type":"","overlay-color":"","overlay-opacity":"","overlay-gradient":""},"tablet":{"background-color":"","background-image":"","background-repeat":"repeat","background-position":"center center","background-size":"auto","background-attachment":"scroll","background-type":"","background-media":"","overlay-type":"","overlay-color":"","overlay-opacity":"","overlay-gradient":""},"mobile":{"background-color":"","background-image":"","background-repeat":"repeat","background-position":"center center","background-size":"auto","background-attachment":"scroll","background-type":"","background-media":"","overlay-type":"","overlay-color":"","overlay-opacity":"","overlay-gradient":""}},"ast-content-background-meta":{"desktop":{"background-color":"var(--ast-global-color-4)","background-image":"","background-repeat":"repeat","background-position":"center center","background-size":"auto","background-attachment":"scroll","background-type":"","background-media":"","overlay-type":"","overlay-color":"","overlay-opacity":"","overlay-gradient":""},"tablet":{"background-color":"var(--ast-global-color-4)","background-image":"","background-repeat":"repeat","background-position":"center center","background-size":"auto","background-attachment":"scroll","background-type":"","background-media":"","overlay-type":"","overlay-color":"","overlay-opacity":"","overlay-gradient":""},"mobile":{"background-color":"var(--ast-global-color-4)","background-image":"","background-repeat":"repeat","background-position":"center center","background-size":"auto","background-attachment":"scroll","background-type":"","background-media":"","overlay-type":"","overlay-color":"","overlay-opacity":"","overlay-gradient":""}},"footnotes":""},"class_list":["post-586","page","type-page","status-publish","hentry"],"yoast_head":"<!-- This site is optimized with the Yoast SEO Premium plugin v26.6 (Yoast SEO v27.5) - https:\/\/yoast.com\/product\/yoast-seo-premium-wordpress\/ -->\n<title>Preguntas frecuentes | Adoraci\u00f3n Linares<\/title>\n<meta name=\"robots\" content=\"index, follow, max-snippet:-1, max-image-preview:large, max-video-preview:-1\" \/>\n<link rel=\"canonical\" href=\"https:\/\/adoracionlinares.es\/en\/preguntas-frecuentes\/\" \/>\n<meta property=\"og:locale\" content=\"en_US\" \/>\n<meta property=\"og:type\" content=\"article\" \/>\n<meta property=\"og:title\" content=\"Preguntas frecuentes\" \/>\n<meta property=\"og:description\" content=\"Preguntas Frecuentes \u00bfPor qu\u00e9 un m\u00e9dico nutricionista? Porque combina la visi\u00f3n cl\u00ednica con la especializaci\u00f3n [&hellip;]\" \/>\n<meta property=\"og:url\" content=\"https:\/\/adoracionlinares.es\/en\/preguntas-frecuentes\/\" \/>\n<meta property=\"og:site_name\" content=\"Adoraci\u00f3n Linares\" \/>\n<meta property=\"article:modified_time\" content=\"2025-12-17T09:28:59+00:00\" \/>\n<meta property=\"og:image\" content=\"https:\/\/adoracionlinares.es\/wp-content\/uploads\/2025\/12\/Recurso-14-e1766484689920.webp\" \/>\n\t<meta property=\"og:image:width\" content=\"191\" \/>\n\t<meta property=\"og:image:height\" content=\"191\" \/>\n\t<meta property=\"og:image:type\" content=\"image\/webp\" \/>\n<meta name=\"twitter:card\" content=\"summary_large_image\" \/>\n<meta name=\"twitter:label1\" content=\"Est. reading time\" \/>\n\t<meta name=\"twitter:data1\" content=\"1 minute\" \/>\n<script type=\"application\/ld+json\" class=\"yoast-schema-graph\">{\"@context\":\"https:\\\/\\\/schema.org\",\"@graph\":[{\"@type\":\"WebPage\",\"@id\":\"https:\\\/\\\/adoracionlinares.es\\\/preguntas-frecuentes\\\/\",\"url\":\"https:\\\/\\\/adoracionlinares.es\\\/preguntas-frecuentes\\\/\",\"name\":\"Preguntas frecuentes | Adoraci\u00f3n Linares\",\"isPartOf\":{\"@id\":\"https:\\\/\\\/adoracionlinares.es\\\/#website\"},\"datePublished\":\"2025-12-17T09:24:00+00:00\",\"dateModified\":\"2025-12-17T09:28:59+00:00\",\"breadcrumb\":{\"@id\":\"https:\\\/\\\/adoracionlinares.es\\\/preguntas-frecuentes\\\/#breadcrumb\"},\"inLanguage\":\"en-US\",\"potentialAction\":[{\"@type\":\"ReadAction\",\"target\":[\"https:\\\/\\\/adoracionlinares.es\\\/preguntas-frecuentes\\\/\"]}]},{\"@type\":\"BreadcrumbList\",\"@id\":\"https:\\\/\\\/adoracionlinares.es\\\/preguntas-frecuentes\\\/#breadcrumb\",\"itemListElement\":[{\"@type\":\"ListItem\",\"position\":1,\"name\":\"Portada\",\"item\":\"https:\\\/\\\/adoracionlinares.es\\\/\"},{\"@type\":\"ListItem\",\"position\":2,\"name\":\"Preguntas frecuentes\"}]},{\"@type\":\"WebSite\",\"@id\":\"https:\\\/\\\/adoracionlinares.es\\\/#website\",\"url\":\"https:\\\/\\\/adoracionlinares.es\\\/\",\"name\":\"Adoraci\u00f3n Linares\",\"description\":\"Medico - Nutricionista\",\"publisher\":{\"@id\":\"https:\\\/\\\/adoracionlinares.es\\\/#organization\"},\"alternateName\":\"Adoraci\u00f3n Linares\",\"potentialAction\":[{\"@type\":\"SearchAction\",\"target\":{\"@type\":\"EntryPoint\",\"urlTemplate\":\"https:\\\/\\\/adoracionlinares.es\\\/?s={search_term_string}\"},\"query-input\":{\"@type\":\"PropertyValueSpecification\",\"valueRequired\":true,\"valueName\":\"search_term_string\"}}],\"inLanguage\":\"en-US\"},{\"@type\":\"Organization\",\"@id\":\"https:\\\/\\\/adoracionlinares.es\\\/#organization\",\"name\":\"Adoraci\u00f3n Linares\",\"alternateName\":\"Adoraci\u00f3n Linares\",\"url\":\"https:\\\/\\\/adoracionlinares.es\\\/\",\"logo\":{\"@type\":\"ImageObject\",\"inLanguage\":\"en-US\",\"@id\":\"https:\\\/\\\/adoracionlinares.es\\\/#\\\/schema\\\/logo\\\/image\\\/\",\"url\":\"https:\\\/\\\/adoracionlinares.es\\\/wp-content\\\/uploads\\\/2025\\\/12\\\/logo-200-e1766483250893.webp\",\"contentUrl\":\"https:\\\/\\\/adoracionlinares.es\\\/wp-content\\\/uploads\\\/2025\\\/12\\\/logo-200-e1766483250893.webp\",\"width\":96,\"height\":112,\"caption\":\"Adoraci\u00f3n Linares\"},\"image\":{\"@id\":\"https:\\\/\\\/adoracionlinares.es\\\/#\\\/schema\\\/logo\\\/image\\\/\"}}]}<\/script>\n<!-- \/ Yoast SEO Premium plugin. -->","yoast_head_json":{"title":"Preguntas frecuentes | Adoraci\u00f3n Linares","robots":{"index":"index","follow":"follow","max-snippet":"max-snippet:-1","max-image-preview":"max-image-preview:large","max-video-preview":"max-video-preview:-1"},"canonical":"https:\/\/adoracionlinares.es\/en\/preguntas-frecuentes\/","og_locale":"en_US","og_type":"article","og_title":"Preguntas frecuentes","og_description":"Preguntas Frecuentes \u00bfPor qu\u00e9 un m\u00e9dico nutricionista? Porque combina la visi\u00f3n cl\u00ednica con la especializaci\u00f3n [&hellip;]","og_url":"https:\/\/adoracionlinares.es\/en\/preguntas-frecuentes\/","og_site_name":"Adoraci\u00f3n Linares","article_modified_time":"2025-12-17T09:28:59+00:00","og_image":[{"width":191,"height":191,"url":"https:\/\/adoracionlinares.es\/wp-content\/uploads\/2025\/12\/Recurso-14-e1766484689920.webp","type":"image\/webp"}],"twitter_card":"summary_large_image","twitter_misc":{"Est. reading time":"1 minute"},"schema":{"@context":"https:\/\/schema.org","@graph":[{"@type":"WebPage","@id":"https:\/\/adoracionlinares.es\/preguntas-frecuentes\/","url":"https:\/\/adoracionlinares.es\/preguntas-frecuentes\/","name":"Preguntas frecuentes | Adoraci\u00f3n Linares","isPartOf":{"@id":"https:\/\/adoracionlinares.es\/#website"},"datePublished":"2025-12-17T09:24:00+00:00","dateModified":"2025-12-17T09:28:59+00:00","breadcrumb":{"@id":"https:\/\/adoracionlinares.es\/preguntas-frecuentes\/#breadcrumb"},"inLanguage":"en-US","potentialAction":[{"@type":"ReadAction","target":["https:\/\/adoracionlinares.es\/preguntas-frecuentes\/"]}]},{"@type":"BreadcrumbList","@id":"https:\/\/adoracionlinares.es\/preguntas-frecuentes\/#breadcrumb","itemListElement":[{"@type":"ListItem","position":1,"name":"Portada","item":"https:\/\/adoracionlinares.es\/"},{"@type":"ListItem","position":2,"name":"Preguntas frecuentes"}]},{"@type":"WebSite","@id":"https:\/\/adoracionlinares.es\/#website","url":"https:\/\/adoracionlinares.es\/","name":"Adoration Linares","description":"Doctor - Nutritionist","publisher":{"@id":"https:\/\/adoracionlinares.es\/#organization"},"alternateName":"Adoraci\u00f3n Linares","potentialAction":[{"@type":"SearchAction","target":{"@type":"EntryPoint","urlTemplate":"https:\/\/adoracionlinares.es\/?s={search_term_string}"},"query-input":{"@type":"PropertyValueSpecification","valueRequired":true,"valueName":"search_term_string"}}],"inLanguage":"en-US"},{"@type":"Organization","@id":"https:\/\/adoracionlinares.es\/#organization","name":"Adoration Linares","alternateName":"Adoraci\u00f3n Linares","url":"https:\/\/adoracionlinares.es\/","logo":{"@type":"ImageObject","inLanguage":"en-US","@id":"https:\/\/adoracionlinares.es\/#\/schema\/logo\/image\/","url":"https:\/\/adoracionlinares.es\/wp-content\/uploads\/2025\/12\/logo-200-e1766483250893.webp","contentUrl":"https:\/\/adoracionlinares.es\/wp-content\/uploads\/2025\/12\/logo-200-e1766483250893.webp","width":96,"height":112,"caption":"Adoraci\u00f3n Linares"},"image":{"@id":"https:\/\/adoracionlinares.es\/#\/schema\/logo\/image\/"}}]}},"_links":{"self":[{"href":"https:\/\/adoracionlinares.es\/en\/wp-json\/wp\/v2\/pages\/586","targetHints":{"allow":["GET"]}}],"collection":[{"href":"https:\/\/adoracionlinares.es\/en\/wp-json\/wp\/v2\/pages"}],"about":[{"href":"https:\/\/adoracionlinares.es\/en\/wp-json\/wp\/v2\/types\/page"}],"author":[{"embeddable":true,"href":"https:\/\/adoracionlinares.es\/en\/wp-json\/wp\/v2\/users\/1"}],"replies":[{"embeddable":true,"href":"https:\/\/adoracionlinares.es\/en\/wp-json\/wp\/v2\/comments?post=586"}],"version-history":[{"count":0,"href":"https:\/\/adoracionlinares.es\/en\/wp-json\/wp\/v2\/pages\/586\/revisions"}],"wp:attachment":[{"href":"https:\/\/adoracionlinares.es\/en\/wp-json\/wp\/v2\/media?parent=586"}],"curies":[{"name":"wp","href":"https:\/\/api.w.org\/{rel}","templated":true}]}}